{"id":51,"date":"2018-03-04T17:28:43","date_gmt":"2018-03-04T17:28:43","guid":{"rendered":"http:\/\/djamil.de\/wordpress\/?page_id=51"},"modified":"2025-04-08T11:35:52","modified_gmt":"2025-04-08T11:35:52","slug":"kurze-rede-dafuer-sinn","status":"publish","type":"page","link":"http:\/\/www.djamil.de\/","title":{"rendered":"Kurze Rede, daf\u00fcr Sinn"},"content":{"rendered":"<p>Ich bin Moderator, Sprecher, H\u00f6rfunkjournalist und S\u00e4nger (f\u00fcr Letzteres wollen Sie aber bestimmt nicht zahlen).<\/p>\n<p>Oben finden Sie aktuelle Sprachdemos von mir, meinen Werdegang und die Kontaktdaten meines Agenten. Keine Sorge: Den zahl&#8216; ich selbst. \ud83d\ude09<\/p>\n<p>Alles klar?<\/p>\n<p>Sch\u00f6n, dass Sie da sind!<\/p>\n","protected":false},"excerpt":{"rendered":"<p>Ich bin Moderator, Sprecher, H\u00f6rfunkjournalist und S\u00e4nger (f\u00fcr Letzteres wollen Sie aber bestimmt nicht zahlen). Oben finden Sie aktuelle Sprachdemos von mir, meinen Werdegang und die Kontaktdaten meines Agenten. Keine Sorge: Den zahl&#8216; ich selbst. \ud83d\ude09 Alles klar? Sch\u00f6n, dass Sie da sind!<\/p>\n","protected":false},"author":1,"featured_media":0,"parent":0,"menu_order":0,"comment_status":"closed","ping_status":"closed","template":"","meta":{"footnotes":""},"class_list":["post-51","page","type-page","status-publish","hentry"],"_links":{"self":[{"href":"http:\/\/www.djamil.de\/index.php?rest_route=\/wp\/v2\/pages\/51","targetHints":{"allow":["GET"]}}],"collection":[{"href":"http:\/\/www.djamil.de\/index.php?rest_route=\/wp\/v2\/pages"}],"about":[{"href":"http:\/\/www.djamil.de\/index.php?rest_route=\/wp\/v2\/types\/page"}],"author":[{"embeddable":true,"href":"http:\/\/www.djamil.de\/index.php?rest_route=\/wp\/v2\/users\/1"}],"replies":[{"embeddable":true,"href":"http:\/\/www.djamil.de\/index.php?rest_route=%2Fwp%2Fv2%2Fcomments&post=51"}],"version-history":[{"count":8,"href":"http:\/\/www.djamil.de\/index.php?rest_route=\/wp\/v2\/pages\/51\/revisions"}],"predecessor-version":[{"id":165,"href":"http:\/\/www.djamil.de\/index.php?rest_route=\/wp\/v2\/pages\/51\/revisions\/165"}],"wp:attachment":[{"href":"http:\/\/www.djamil.de\/index.php?rest_route=%2Fwp%2Fv2%2Fmedia&parent=51"}],"curies":[{"name":"wp","href":"https:\/\/api.w.org\/{rel}","templated":true}]}}